{"id":708,"date":"2021-11-11T15:31:03","date_gmt":"2021-11-11T15:31:03","guid":{"rendered":"https:\/\/www.nanosciences-spm-uhv.com\/?page_id=708"},"modified":"2023-01-26T16:32:19","modified_gmt":"2023-01-26T16:32:19","slug":"programme","status":"publish","type":"page","link":"https:\/\/www.nanosciences-spm-uhv.com\/en\/gdr\/journees\/journees2021\/programme\/","title":{"rendered":"Programme 2021"},"content":{"rendered":"<table id=\"tablepress-1\" class=\"tablepress tablepress-id-1 tbody-has-connected-cells\">\n<thead>\n<tr class=\"row-1\">\n\t<th class=\"column-1\">Time<\/th><th class=\"column-2\">Tuesday 23\/11<\/th><th class=\"column-3\">Wednesday 24\/11<\/th><th class=\"column-4\">Thursday 25\/11<\/th>\n<\/tr>\n<\/thead>\n<tbody>\n<tr class=\"row-2\">\n\t<td class=\"column-1\">9:00<\/td><td rowspan=\"7\" class=\"column-2\"><\/td><td class=\"column-3\"><a href=\"https:\/\/www.nanosciences-spm-uhv.com\/wp-content\/uploads\/2021\/11\/AbstractGDR_NS-CPU_riedel.pdf\" target=\"_blank\" rel=\"noopener\">D. Riedel<\/a><\/td><td class=\"column-4\"><a href=\"https:\/\/www.nanosciences-spm-uhv.com\/wp-content\/uploads\/2021\/11\/Diener_Pascale.pdf\"target=\"_blank\">P. Diener<\/a><\/td>\n<\/tr>\n<tr class=\"row-3\">\n\t<td class=\"column-1\">9:30<\/td><td class=\"column-3\">O. Guillermet<\/td><td class=\"column-4\"><a href=\"https:\/\/www.nanosciences-spm-uhv.com\/wp-content\/uploads\/2021\/11\/Rodary-Abstracts-GDR-NS-CPU-.pdf\" target=\"_blank\" rel=\"noopener\">G. Rodary<\/a><\/td>\n<\/tr>\n<tr class=\"row-4\">\n\t<td class=\"column-1\">10:00<\/td><td class=\"column-3\"><a href=\"https:\/\/www.nanosciences-spm-uhv.com\/wp-content\/uploads\/2021\/11\/Dappe_abstract_GDR_NS-CPU.pdf\" target=\"_blank\" rel=\"noopener\">Y. Dappe<\/a><\/td><td class=\"column-4\"><a href=\"https:\/\/www.nanosciences-spm-uhv.com\/wp-content\/uploads\/2021\/11\/Clair-abstract-GDR-NS-CPU.pdf\" target=\"_blank\" rel=\"noopener\"> S. Clair <\/a><\/td>\n<\/tr>\n<tr class=\"row-5\">\n\t<td class=\"column-1\">10:30<\/td><td colspan=\"2\" class=\"column-3\">Break<\/td>\n<\/tr>\n<tr class=\"row-6\">\n\t<td class=\"column-1\">11:00<\/td><td class=\"column-3\"><a href=\"https:\/\/www.nanosciences-spm-uhv.com\/wp-content\/uploads\/2021\/11\/Bocquet-Abstract-GDR-NS-CPU.pdf\" target=\"_blank\" rel=\"noopener\">ML Bocquet<\/a><\/td><td class=\"column-4\"><a href=\"https:\/\/www.nanosciences-spm-uhv.com\/wp-content\/uploads\/2021\/11\/Veuillen-Abstract-GDR-NS-CPU-2021.pdf\" target=\"_blank\" rel=\"noopener\">J. Y. Veuillen<\/a><\/td>\n<\/tr>\n<tr class=\"row-7\">\n\t<td class=\"column-1\">11:30<\/td><td rowspan=\"2\" class=\"column-3\">Session <br \/>\npartenaires industriels<\/td><td class=\"column-4\"><a href=\"https:\/\/www.nanosciences-spm-uhv.com\/wp-content\/uploads\/2021\/11\/Prevot-Abstract-GDR-NS-CPU_vf.pdf\" target=\"_blank\" rel=\"noopener\">G. Prevot<\/a><\/td>\n<\/tr>\n<tr class=\"row-8\">\n\t<td class=\"column-1\">12:00<\/td><td class=\"column-4\">Discours de cl\u00f4ture<\/td>\n<\/tr>\n<tr class=\"row-9\">\n\t<td class=\"column-1\">12:30<\/td><td class=\"column-2\">Arrival<\/td><td colspan=\"2\" class=\"column-3\">Lunch buffet<\/td>\n<\/tr>\n<tr class=\"row-10\">\n\t<td class=\"column-1\">14:00<\/td><td class=\"column-2\">GDR presentation<br \/>\nDavid Martrou<\/td><td class=\"column-3\"><a href=\"https:\/\/www.nanosciences-spm-uhv.com\/wp-content\/uploads\/2021\/11\/GREVIN-abstract-GDR-NS-CPU.pdf\" target=\"_blank\" rel=\"noopener\">B. Gr\u00e9vin<\/a><\/td><td rowspan=\"11\" class=\"column-4\">Departure<\/td>\n<\/tr>\n<tr class=\"row-11\">\n\t<td class=\"column-1\">14:30<\/td><td class=\"column-2\"><a href=\"https:\/\/www.nanosciences-spm-uhv.com\/wp-content\/uploads\/2021\/11\/Abstract-Lagoute.pdf\" target=\"_blank\" rel=\"noopener\">J. Lagoute<\/a> <\/td><td class=\"column-3\"><a href=\"https:\/\/www.nanosciences-spm-uhv.com\/wp-content\/uploads\/2021\/11\/Melin-abstract-GDR-NS-CPU.pdf\" target=\"_blank\" rel=\"noopener\">T. Melin<\/a><\/td>\n<\/tr>\n<tr class=\"row-12\">\n\t<td class=\"column-1\">15:00<\/td><td class=\"column-2\"><a href=\"https:\/\/www.nanosciences-spm-uhv.com\/wp-content\/uploads\/2021\/11\/Schull-Abstract.pdf\" target=\"_blank\" rel=\"noopener\">G. Schull<\/a><\/td><td class=\"column-3\"><a href=\"https:\/\/www.nanosciences-spm-uhv.com\/wp-content\/uploads\/2021\/11\/NONY_Abstract_GDR-NS-CPU.pdf\" target=\"_blank\" rel=\"noopener\">L. Nony<\/a><\/td>\n<\/tr>\n<tr class=\"row-13\">\n\t<td class=\"column-1\">15:30<\/td><td class=\"column-2\"><a href=\"https:\/\/www.nanosciences-spm-uhv.com\/wp-content\/uploads\/2021\/11\/Brun_GDR_abstract.pdf\" target=\"_blank\" rel=\"noopener\">C. Brun<\/a><\/td><td class=\"column-3\"><a href=\"https:\/\/www.nanosciences-spm-uhv.com\/wp-content\/uploads\/2021\/11\/Le-Moal-Eric-Abstract-.pdf\" target=\"_blank\" rel=\"noopener\">E. Le Moal<\/a><\/td>\n<\/tr>\n<tr class=\"row-14\">\n\t<td class=\"column-1\">16:00<\/td><td colspan=\"2\" class=\"column-2\">Break<\/td>\n<\/tr>\n<tr class=\"row-15\">\n\t<td class=\"column-1\">16:30<\/td><td class=\"column-2\"><a href=\"https:\/\/www.nanosciences-spm-uhv.com\/wp-content\/uploads\/2021\/11\/Barth-Abstract.pdf\" target=\"_blank\" rel=\"noopener\">C. Barth<\/a><\/td><td class=\"column-3\"><\/td>\n<\/tr>\n<tr class=\"row-16\">\n\t<td class=\"column-1\">17:00<\/td><td class=\"column-2\">Flash Poster<\/td><td class=\"column-3\"><\/td>\n<\/tr>\n<tr class=\"row-17\">\n\t<td class=\"column-1\">17:30<\/td><td class=\"column-2\">Plenary session C\u2019NANO<br \/>\n<a href=\"https:\/\/cnano2020.sciencesconf.org\/data\/Abstract_CNano2020_MORESCO.pdf\" rel=\"noopener\" target=\"_blank\">F. MORESCO<\/a><\/td><td rowspan=\"3\" class=\"column-3\">Visit<br \/>\n<br \/>\nCEMES - PicoLab<\/td>\n<\/tr>\n<tr class=\"row-18\">\n\t<td class=\"column-1\">18:00<\/td><td rowspan=\"2\" class=\"column-2\">Nanocar teams presentation<\/td>\n<\/tr>\n<tr class=\"row-19\">\n\t<td class=\"column-1\">18:30<\/td>\n<\/tr>\n<tr class=\"row-20\">\n\t<td class=\"column-1\">19:00<\/td><td class=\"column-2\">Buffet and poster<\/td><td class=\"column-3\"><a href=\"http:\/\/lacuisinedejean.fr\/\" rel=\"noopener\" target=\"_blank\">Gala Dinner<\/a><\/td>\n<\/tr>\n<\/tbody>\n<\/table>\n<!-- #tablepress-1 from cache -->\n\n\n\n<p class=\"wp-block-paragraph\">Color legend: <span style=\"color:#000000\" class=\"tadv-color\"><span style=\"background-color:#ff8040\" class=\"tadv-background-color\">Theme 1<\/span>  <span style=\"background-color:#f7bc5b\" class=\"tadv-background-color\">Theme 2<\/span> <span style=\"background-color:#4dd8ff\" class=\"tadv-background-color\">Theme 3<\/span> <span style=\"background-color:#79d31f\" class=\"tadv-background-color\">Theme 4<\/span> <span style=\"background-color:#a38cb9\" class=\"tadv-background-color\">Theme 5<\/span><\/span><\/p>\n\n\n\n<p class=\"has-small-font-size wp-block-paragraph\">Le CEMES se situe au 29 rue Jeanne Marvig. Pour y acc\u00e9der, prendre le m\u00e9tro B (direction Ramonville) de l&rsquo;arr\u00eat Compans Cafarelli jusqu&rsquo;\u00e0 l&rsquo;arr\u00eat Saouzelong. Pour l&rsquo;itin\u00e9raire complet, cliquez <a href=\"https:\/\/goo.gl\/maps\/EmVtck3cTmt9SXxD8\" target=\"_blank\" rel=\"noreferrer noopener\">here<\/a><\/p>\n\n\n\n<p class=\"has-small-font-size wp-block-paragraph\">The Gala dinner will take place at the restaurant <a rel=\"noreferrer noopener\" href=\"http:\/\/lacuisinedejean.fr\/\" target=\"_blank\">\u00ab La cuisine de Jean \u00bb<\/a>, 18 avenue Albert Bedouce, 31400 Toulouse, Subway B, SAUZELONG stop<a href=\"http:\/\/lacuisinedejean.fr\/\"><\/a><\/p>\n\n\n\n<h6 class=\"wp-block-heading\" id=\"liste-des-posters\">Posters<\/h6>\n\n\n\n<table id=\"tablepress-6\" class=\"tablepress tablepress-id-6 tbody-has-connected-cells\">\n<thead>\n<tr class=\"row-1\">\n\t<th class=\"column-1\">Name<\/th><th class=\"column-2\">Poster number<\/th><th class=\"column-3\">Title<\/th>\n<\/tr>\n<\/thead>\n<tbody class=\"row-striping row-hover\">\n<tr class=\"row-2\">\n\t<td class=\"column-1\">BERTHE Maxime<\/td><td class=\"column-2\">P9-01<\/td><td class=\"column-3\"><a href=\"https:\/\/www.nanosciences-spm-uhv.com\/wp-content\/uploads\/2021\/11\/Berthe-Poster-GDR-NS-CPU.pdf\" target=\"_blank\" rel=\"noopener\">Resistance measurement of individual Ag nanowires and interconnects<\/a><\/td>\n<\/tr>\n<tr class=\"row-3\">\n\t<td class=\"column-1\">CHATELAIN Baptiste<\/td><td class=\"column-2\">P9-02<\/td><td class=\"column-3\"><a href=\"https:\/\/www.nanosciences-spm-uhv.com\/wp-content\/uploads\/2021\/11\/CHATELAIN-Poster-Abstract-GDR-NS-CPU.pdf\" target=\"_blank\" rel=\"noopener\">The Water Forming Reaction on Palladium Nanoparticles Studied by Kelvin Probe Force Microscopy<\/a><\/td>\n<\/tr>\n<tr class=\"row-4\">\n\t<td class=\"column-1\">CHAZARIN Ulysse<\/td><td class=\"column-2\">P9-03<\/td><td class=\"column-3\"><a href=\"https:\/\/www.nanosciences-spm-uhv.com\/wp-content\/uploads\/2021\/11\/CHAZARIN-Ulysse-Gdr-abstract-Nov-2021.pdf\" target=\"_blank\" rel=\"noopener\">Tuning the charge density waves and band structure in VSe2 by Na intercalation<\/a><\/td>\n<\/tr>\n<tr class=\"row-5\">\n\t<td class=\"column-1\">CHERNUKHA Yevheniia<\/td><td class=\"column-2\">P9-04<\/td><td class=\"column-3\"><a href=\"https:\/\/www.nanosciences-spm-uhv.com\/wp-content\/uploads\/2021\/11\/CHERNUKHA-abstracts-Poster-GDR-NS-CPU.pdf\" target=\"_blank\" rel=\"noopener\">Laser-combined scanning tunneling microscopy on<br \/>\nlow-temperature grown GaAs<\/a><\/td>\n<\/tr>\n<tr class=\"row-6\">\n\t<td class=\"column-1\">DENAWI Hassan<\/td><td class=\"column-2\">P9-17<\/td><td class=\"column-3\"><a href=\"https:\/\/www.nanosciences-spm-uhv.com\/wp-content\/uploads\/2021\/11\/Abstract-XeCO-Au111-XB.pdf\" target=\"_blank\" rel=\"noopener\">Theoretical Study of the Interactions between an STM Tip and Adsorbates on Au(111) Under External Electric Fields<\/a><\/td>\n<\/tr>\n<tr class=\"row-7\">\n\t<td class=\"column-1\">FETIDA Alex<\/td><td class=\"column-2\">P9-05<\/td><td class=\"column-3\"><a href=\"https:\/\/www.nanosciences-spm-uhv.com\/wp-content\/uploads\/2021\/11\/Fetida-Abstract-Poster-gdrToulouse.pdf\" target=\"_blank\" rel=\"noopener\">Investigating surface magnetism with the quantum spin states of a molecular probe-tip<\/a><\/td>\n<\/tr>\n<tr class=\"row-8\">\n\t<td class=\"column-1\">HERVE Marie<\/td><td class=\"column-2\">P9-15<\/td><td class=\"column-3\"><a href=\"https:\/\/www.nanosciences-spm-uhv.com\/wp-content\/uploads\/2021\/11\/Marie_herve.pdf\" target=\"_blank\" rel=\"noopener\">Scanning tunneling microscopy combined with high frequency: Recent development and futur prospects<\/a><\/td>\n<\/tr>\n<tr class=\"row-9\">\n\t<td class=\"column-1\">ICHOU Hamza<\/td><td class=\"column-2\">P9-16<\/td><td class=\"column-3\"><a href=\"https:\/\/www.nanosciences-spm-uhv.com\/wp-content\/uploads\/2021\/11\/abstracts-ICHOU-Poster-GDR-NS-CPU.pdf\" target=\"_blank\" rel=\"noopener\">MBE Growth and NC-AFM\/KPFM characterization of 2D materials under UHV environment: Graphene and Silicene<\/a><\/td>\n<\/tr>\n<tr class=\"row-10\">\n\t<td class=\"column-1\">KOUSSIR Houda<\/td><td class=\"column-2\">P9-06<\/td><td class=\"column-3\"><a href=\"https:\/\/www.nanosciences-spm-uhv.com\/wp-content\/uploads\/2021\/11\/KOUSSIR-Abstract-Poster-GDR-NS-CPU.pdf\" target=\"_blank\" rel=\"noopener\">Nanoprobe study of the electric field driven insulator-to-metal transition in GaMo4S8<\/a><\/td>\n<\/tr>\n<tr class=\"row-11\">\n\t<td class=\"column-1\">LIZEE Mathieu<\/td><td class=\"column-2\">P9-07<\/td><td class=\"column-3\"><a href=\"https:\/\/www.nanosciences-spm-uhv.com\/wp-content\/uploads\/2021\/11\/LIZEE-Poster-Abstract-GDR-NS-CPU.pdf\" target=\"_blank\" rel=\"noopener\">Emergent multifractality in two dimensional weakly disordered superconductor<\/a><\/td>\n<\/tr>\n<tr class=\"row-12\">\n\t<td class=\"column-1\">NEMANJA Peric<\/td><td class=\"column-2\">P9-08<\/td><td class=\"column-3\"><a href=\"https:\/\/www.nanosciences-spm-uhv.com\/wp-content\/uploads\/2021\/11\/PERIC-Poster-Abstract-GDR-NS-CPU.pdf\" target=\"_blank\" rel=\"noopener\">Electronic properties of selective area grown semiconductor heterostructures<\/a><\/a><\/td>\n<\/tr>\n<tr class=\"row-13\">\n\t<td class=\"column-1\">TAGNE KAEGOM Calvin<\/td><td class=\"column-2\">P9-09<\/td><td class=\"column-3\"><a href=\"https:\/\/www.nanosciences-spm-uhv.com\/wp-content\/uploads\/2021\/11\/Tagne-Abstract-poster-GDR-NS-CPU.pdf\" target=\"_blank\" rel=\"noopener\">Study by ARPES of the Rashba effect and Berry curvature in the 2D Ferroelectric thin films of GeTe<\/a><\/td>\n<\/tr>\n<tr class=\"row-14\">\n\t<td class=\"column-1\">THERSSEN Hugo<\/td><td class=\"column-2\">P9-10<\/td><td class=\"column-3\"><a href=\"https:\/\/www.nanosciences-spm-uhv.com\/wp-content\/uploads\/2021\/11\/Therssen-Poster-Abstract-GDR-NS-CPU.pdf\" target=\"_blank\" rel=\"noopener\">Comportement d'un d\u00e9riv\u00e9 de l'azobenz\u00e8ne sur Au(111) expos\u00e9 \u00e0 la lumi\u00e8re ultraviolette<\/a><\/td>\n<\/tr>\n<tr class=\"row-15\">\n\t<td class=\"column-1\">TORKZADEH Mohammadmehdi<\/td><td class=\"column-2\">P9-11<\/td><td class=\"column-3\"><a href=\"https:\/\/www.nanosciences-spm-uhv.com\/wp-content\/uploads\/2021\/11\/Torkzadeh-Poster-Abstract-GDR-NS-CPU.pdf\" target=\"_blank\" rel=\"noopener\">Localization induced by defects in 2D correlated systems<\/a><\/td>\n<\/tr>\n<tr class=\"row-16\">\n\t<td class=\"column-1\">VERNISSE Loranne<\/td><td class=\"column-2\">P9-12<\/td><td class=\"column-3\"><a href=\"https:\/\/www.nanosciences-spm-uhv.com\/wp-content\/uploads\/2021\/11\/VERNISSE-Poster-Abstract-GDR-NS-CPU.pdf\" target=\"_blank\" rel=\"noopener\">Banc d'essai Nanoplast<\/a><\/td>\n<\/tr>\n<tr class=\"row-17\">\n\t<td rowspan=\"2\" class=\"column-1\">WANDER David<\/td><td class=\"column-2\">P9-13<\/td><td class=\"column-3\"><a href=\"https:\/\/www.nanosciences-spm-uhv.com\/wp-content\/uploads\/2021\/11\/WANDER-Poster-Abstract-GDR-NS-CPU-Graphene.pdf\" target=\"_blank\" rel=\"noopener\">Imaging tunable quantum Hall broken-symmetry orders in charge-neutral graphene<\/a><\/td>\n<\/tr>\n<tr class=\"row-18\">\n\t<td class=\"column-2\">P9-14<\/td><td class=\"column-3\"><a href=\"https:\/\/www.nanosciences-spm-uhv.com\/wp-content\/uploads\/2021\/11\/WANDER-Poster-Abstract-GDR-NS-CPU-Tabletop.pdf\" target=\"_blank\" rel=\"noopener\">Tabletop 100 mK UHV Scanning Tunneling Microscope<\/a><\/td>\n<\/tr>\n<\/tbody>\n<\/table>\n<!-- #tablepress-6 from cache -->\n\n\n\n<p class=\"wp-block-paragraph\"><\/p>","protected":false},"excerpt":{"rendered":"<p>L\u00e9gende : Axe 1 Axe 2 Axe 3 Axe 4 Axe 5 Le CEMES se situe au 29 rue Jeanne Marvig. Pour y acc\u00e9der, prendre le m\u00e9tro B (direction Ramonville) de l&rsquo;arr\u00eat Compans Cafarelli jusqu&rsquo;\u00e0 l&rsquo;arr\u00eat Saouzelong. Pour l&rsquo;itin\u00e9raire complet, cliquez ici Le diner de GALA se tiendra le mercredi soir au restaurant \u00ab La<\/p><\/div>\n<div class=\"blog-btn\"><a href=\"https:\/\/www.nanosciences-spm-uhv.com\/en\/gdr\/journees\/journees2021\/programme\/\" class=\"home-blog-btn\">Read More<\/a><\/p>","protected":false},"author":1,"featured_media":0,"parent":694,"menu_order":2,"comment_status":"closed","ping_status":"closed","template":"","meta":{"_crdt_document":"","_uag_custom_page_level_css":"","footnotes":""},"class_list":["post-708","page","type-page","status-publish","hentry"],"uagb_featured_image_src":{"full":false,"thumbnail":false,"medium":false,"medium_large":false,"large":false,"1536x1536":false,"2048x2048":false,"trp-custom-language-flag":false,"sow-carousel-default":false},"uagb_author_info":{"display_name":false,"author_link":"https:\/\/www.nanosciences-spm-uhv.com\/en\/author\/zpqq18wlui98\/"},"uagb_comment_info":0,"uagb_excerpt":"L\u00e9gende : Axe 1 Axe 2 Axe 3 Axe 4 Axe 5 Le CEMES se situe au 29 rue Jeanne Marvig. Pour y acc\u00e9der, prendre le m\u00e9tro B (direction Ramonville) de l&rsquo;arr\u00eat Compans Cafarelli jusqu&rsquo;\u00e0 l&rsquo;arr\u00eat Saouzelong. Pour l&rsquo;itin\u00e9raire complet, cliquez ici Le diner de GALA se tiendra le mercredi soir au restaurant \u00ab LaRead&hellip;","_links":{"self":[{"href":"https:\/\/www.nanosciences-spm-uhv.com\/en\/wp-json\/wp\/v2\/pages\/708","targetHints":{"allow":["GET"]}}],"collection":[{"href":"https:\/\/www.nanosciences-spm-uhv.com\/en\/wp-json\/wp\/v2\/pages"}],"about":[{"href":"https:\/\/www.nanosciences-spm-uhv.com\/en\/wp-json\/wp\/v2\/types\/page"}],"author":[{"embeddable":true,"href":"https:\/\/www.nanosciences-spm-uhv.com\/en\/wp-json\/wp\/v2\/users\/1"}],"replies":[{"embeddable":true,"href":"https:\/\/www.nanosciences-spm-uhv.com\/en\/wp-json\/wp\/v2\/comments?post=708"}],"version-history":[{"count":8,"href":"https:\/\/www.nanosciences-spm-uhv.com\/en\/wp-json\/wp\/v2\/pages\/708\/revisions"}],"predecessor-version":[{"id":1569,"href":"https:\/\/www.nanosciences-spm-uhv.com\/en\/wp-json\/wp\/v2\/pages\/708\/revisions\/1569"}],"up":[{"embeddable":true,"href":"https:\/\/www.nanosciences-spm-uhv.com\/en\/wp-json\/wp\/v2\/pages\/694"}],"wp:attachment":[{"href":"https:\/\/www.nanosciences-spm-uhv.com\/en\/wp-json\/wp\/v2\/media?parent=708"}],"curies":[{"name":"wp","href":"https:\/\/api.w.org\/{rel}","templated":true}]}}