{"id":3273,"date":"2025-10-16T08:09:34","date_gmt":"2025-10-16T08:09:34","guid":{"rendered":"https:\/\/www.nanosciences-spm-uhv.com\/?page_id=3273"},"modified":"2025-10-16T08:25:13","modified_gmt":"2025-10-16T08:25:13","slug":"infos-pratiques","status":"publish","type":"page","link":"https:\/\/www.nanosciences-spm-uhv.com\/en\/gdr\/journees\/journees2025\/infos-pratiques\/","title":{"rendered":"Practical information"},"content":{"rendered":"<p class=\"wp-block-paragraph\">Below you will find practical information regarding the various conference locations. Please feel free to download the PDF version in <a href=\"https:\/\/www.nanosciences-spm-uhv.com\/wp-content\/uploads\/2025\/10\/Info_pratiques.pdf\">french<\/a> or in <a href=\"https:\/\/www.nanosciences-spm-uhv.com\/wp-content\/uploads\/2025\/10\/Practical_information.pdf\">english<\/a>. You can find all the places on the map at the bottom of the page.<\/p>\n\n\n\n<div style=\"height:58px\" aria-hidden=\"true\" class=\"wp-block-spacer\"><\/div>\n\n\n\n<h2 class=\"wp-block-heading\">Conference address<\/h2>\n\n\n\n<p class=\"wp-block-paragraph\">The conference will take place at the European Doctoral College: 48 boulevard de la Victoire in Strasbourg.<br>(Coord. GPS : 48.58169970751068, 7.768373939261272)<br><\/p>\n\n\n\n<p class=\"wp-block-paragraph\"><\/p>\n\n\n\n<h2 class=\"wp-block-heading\">Access<\/h2>\n\n\n\n<h3 class=\"wp-block-heading\">By car<\/h3>\n\n\n\n<p class=\"wp-block-paragraph\">There are paid parking spaces on \u201crue de l\u2019Universit\u00e9\u201d less than a 5-minute walk from the event venue.<\/p>\n\n\n\n<div style=\"height:32px\" aria-hidden=\"true\" class=\"wp-block-spacer\"><\/div>\n\n\n\n<h3 class=\"wp-block-heading\">From the train station<\/h3>\n\n\n\n<p class=\"wp-block-paragraph\">Take the tram C at the train station to \"Neuhof R. Reuss\".<br>Stop at \"Observatoire\"<br>Journey time: 15 to 20 min<br>The European Doctoral College is next to the tram stop.<\/p>\n\n\n\n<div style=\"height:32px\" aria-hidden=\"true\" class=\"wp-block-spacer\"><\/div>\n\n\n\n<h3 class=\"wp-block-heading\">From the airport<\/h3>\n\n\n\n<p class=\"wp-block-paragraph\">If you are coming by plane, you can first reach Strasbourg train station from Strasbourg Entzheim Airport by train (there is a train station at the airport) and then access the conference site by tram.<\/p>\n\n\n\n<div style=\"height:32px\" aria-hidden=\"true\" class=\"wp-block-spacer\"><\/div>\n\n\n\n<h3 class=\"wp-block-heading\">Purchase of tram tickets<\/h3>\n\n\n\n<p class=\"wp-block-paragraph\"><strong> Beware! It is not possible to<\/strong>&lsquo;<strong>directly buy tickets in the tram.<\/strong> You have to buy them:<\/p>\n\n\n\n<ul class=\"wp-block-list\">\n<li>at the tram station vending machines<\/li>\n\n\n\n<li>through <a href=\"https:\/\/www.cts-strasbourg.eu\/fr\">the CTS app<\/a><\/li>\n<\/ul>\n\n\n\n<div style=\"height:55px\" aria-hidden=\"true\" class=\"wp-block-spacer\"><\/div>\n\n\n\n<h2 class=\"wp-block-heading\">Accommodation<\/h2>\n\n\n\n<p class=\"wp-block-paragraph\">Participants will be spread across 2 hotels:<\/p>\n\n\n\n<ul class=\"wp-block-list\">\n<li>H\u00f4tel de l\u2019Esplanade, 1 Boulevard Leblois &#8211; 67000 Strasbourg \/ +33 (0)3 88 61 38 95<br><a href=\"https:\/\/www.hotel-esplanade.fr\/\">https:\/\/www.hotel-esplanade.fr\/<\/a> &#8211; (Coord. GPS : 48.581480334745216, 7.769815295086516)<\/li>\n\n\n\n<li>H\u00f4tel de l\u2019Ill, 8 rue des Bateliers &#8211; 67000 STRASBOURG \/ +33 (0)3 88 36 20 01<br><a href=\"https:\/\/www.ill.najeti.fr\/\">https:\/\/www.ill.najeti.fr\/<\/a> &#8211; (Coord. GPS : 48.580812116641134, 7.755059054600993)<br><\/li>\n<\/ul>\n\n\n\n<div style=\"height:55px\" aria-hidden=\"true\" class=\"wp-block-spacer\"><\/div>\n\n\n\n<h2 class=\"wp-block-heading\">Meals<\/h2>\n\n\n\n<p class=\"wp-block-paragraph\">Dinner on November 3rd, and lunches on November 4th and 5th, will be served buffet-style at the workshop venue.<br>Dinner on November 4th will be held at the restaurant \"Le Gruber\", 11 Rue du Maroquin, 67000 Strasbourg.<br>(Coord. GPS : 48.58095092933194, 7.750502296931096)<br>About 20 minutes by public transport or 24 minutes on foot from the venue.<\/p>\n\n\n\n<div style=\"height:96px\" aria-hidden=\"true\" class=\"wp-block-spacer\"><\/div>","protected":false},"excerpt":{"rendered":"<p>Vous trouverez ci-dessous les infos pratiques concernant les diff\u00e9rents lieux de la conf\u00e9rence. N&rsquo;h\u00e9sitez pas \u00e0 t\u00e9l\u00e9charger la version pdf en version fran\u00e7aise ou en version anglaise. Vous retrouverez tous les lieux sur la carte en bas de page. Adresse du colloque : Le colloque aura lieu au Coll\u00e8ge Doctoral Europ\u00e9en : 48 boulevard de<\/p><\/div>\n<div class=\"blog-btn\"><a href=\"https:\/\/www.nanosciences-spm-uhv.com\/en\/gdr\/journees\/journees2025\/infos-pratiques\/\" class=\"home-blog-btn\">Read More<\/a><\/p>","protected":false},"author":1,"featured_media":0,"parent":3017,"menu_order":0,"comment_status":"closed","ping_status":"closed","template":"","meta":{"_crdt_document":"","_uag_custom_page_level_css":"","footnotes":""},"class_list":["post-3273","page","type-page","status-publish","hentry"],"uagb_featured_image_src":{"full":false,"thumbnail":false,"medium":false,"medium_large":false,"large":false,"1536x1536":false,"2048x2048":false,"trp-custom-language-flag":false,"sow-carousel-default":false},"uagb_author_info":{"display_name":false,"author_link":"https:\/\/www.nanosciences-spm-uhv.com\/en\/author\/zpqq18wlui98\/"},"uagb_comment_info":0,"uagb_excerpt":"Vous trouverez ci-dessous les infos pratiques concernant les diff\u00e9rents lieux de la conf\u00e9rence. N&rsquo;h\u00e9sitez pas \u00e0 t\u00e9l\u00e9charger la version pdf en version fran\u00e7aise ou en version anglaise. Vous retrouverez tous les lieux sur la carte en bas de page. Adresse du colloque : Le colloque aura lieu au Coll\u00e8ge Doctoral Europ\u00e9en : 48 boulevard deRead&hellip;","_links":{"self":[{"href":"https:\/\/www.nanosciences-spm-uhv.com\/en\/wp-json\/wp\/v2\/pages\/3273","targetHints":{"allow":["GET"]}}],"collection":[{"href":"https:\/\/www.nanosciences-spm-uhv.com\/en\/wp-json\/wp\/v2\/pages"}],"about":[{"href":"https:\/\/www.nanosciences-spm-uhv.com\/en\/wp-json\/wp\/v2\/types\/page"}],"author":[{"embeddable":true,"href":"https:\/\/www.nanosciences-spm-uhv.com\/en\/wp-json\/wp\/v2\/users\/1"}],"replies":[{"embeddable":true,"href":"https:\/\/www.nanosciences-spm-uhv.com\/en\/wp-json\/wp\/v2\/comments?post=3273"}],"version-history":[{"count":7,"href":"https:\/\/www.nanosciences-spm-uhv.com\/en\/wp-json\/wp\/v2\/pages\/3273\/revisions"}],"predecessor-version":[{"id":3282,"href":"https:\/\/www.nanosciences-spm-uhv.com\/en\/wp-json\/wp\/v2\/pages\/3273\/revisions\/3282"}],"up":[{"embeddable":true,"href":"https:\/\/www.nanosciences-spm-uhv.com\/en\/wp-json\/wp\/v2\/pages\/3017"}],"wp:attachment":[{"href":"https:\/\/www.nanosciences-spm-uhv.com\/en\/wp-json\/wp\/v2\/media?parent=3273"}],"curies":[{"name":"wp","href":"https:\/\/api.w.org\/{rel}","templated":true}]}}