{"id":2148,"date":"2024-03-20T18:06:15","date_gmt":"2024-03-20T18:06:15","guid":{"rendered":"https:\/\/www.nanosciences-spm-uhv.com\/?page_id=2148"},"modified":"2024-10-12T07:34:47","modified_gmt":"2024-10-12T07:34:47","slug":"summer-school","status":"publish","type":"page","link":"https:\/\/www.nanosciences-spm-uhv.com\/en\/gdr\/journees\/summer-school\/","title":{"rendered":"Summer school NS-CPU"},"content":{"rendered":"<div class=\"wp-block-uagb-container uagb-block-0580958a alignfull uagb-is-root-container\"><div class=\"uagb-container-inner-blocks-wrap\">\n<figure class=\"wp-block-image size-large\"><a href=\"https:\/\/www.nanosciences-spm-uhv.com\/wp-content\/uploads\/2024\/10\/Group_photo_large.png\" target=\"_blank\" rel=\"noreferrer noopener\"><img loading=\"lazy\" decoding=\"async\" width=\"1024\" height=\"429\" src=\"https:\/\/www.nanosciences-spm-uhv.com\/wp-content\/uploads\/2024\/10\/Group_photo_small-1024x429.jpg\" alt=\"\" class=\"wp-image-2767\" srcset=\"https:\/\/www.nanosciences-spm-uhv.com\/wp-content\/uploads\/2024\/10\/Group_photo_small-1024x429.jpg 1024w, https:\/\/www.nanosciences-spm-uhv.com\/wp-content\/uploads\/2024\/10\/Group_photo_small-300x126.jpg 300w, https:\/\/www.nanosciences-spm-uhv.com\/wp-content\/uploads\/2024\/10\/Group_photo_small-768x322.jpg 768w, https:\/\/www.nanosciences-spm-uhv.com\/wp-content\/uploads\/2024\/10\/Group_photo_small-1536x644.jpg 1536w, https:\/\/www.nanosciences-spm-uhv.com\/wp-content\/uploads\/2024\/10\/Group_photo_small-18x8.jpg 18w, https:\/\/www.nanosciences-spm-uhv.com\/wp-content\/uploads\/2024\/10\/Group_photo_small.jpg 2000w\" sizes=\"auto, (max-width: 1024px) 100vw, 1024px\" \/><\/a><\/figure>\n\n\n\n<p class=\"has-text-align-center has-vivid-red-color has-text-color has-link-color wp-elements-5d5810ad6b9e240cd2845243da2348f4 wp-block-paragraph\"><strong>The school is over. Thanks for coming !<\/strong><\/p>\n\n\n\n<p class=\"wp-block-paragraph\">Last update: <strong>12\/10\/2024<\/strong><br>We organize a summer school of our Network <em>NS-CPU<\/em> in October on <a href=\"https:\/\/www.hyeres-tourisme.com\/les-iles-dor\/porquerolles\/\" target=\"_blank\" rel=\"noreferrer noopener\">the island of Porquerolles<\/a>. The school is hold in English and will take place<\/p>\n\n\n\n<p class=\"has-text-align-center wp-block-paragraph\"><strong>from Monday 07\/10\/2024<\/strong> (starting after lunch) until <strong>Friday 11\/10\/2024<\/strong> (until lunch) at the <a href=\"https:\/\/www.igesa.fr\/vos-vacances\/recherche-sejour\/reserver-mes-vacances\/etablissement\/porquerolles-village-club\" target=\"_blank\" rel=\"noreferrer noopener\">IGESA center<\/a>.<\/p>\n\n\n\n<div class=\"wp-block-buttons is-content-justification-center is-layout-flex wp-container-core-buttons-is-layout-fe48e5de wp-block-buttons-is-layout-flex\">\n<div class=\"wp-block-button\"><a class=\"wp-block-button__link wp-element-button\" href=\"https:\/\/www.nanosciences-spm-uhv.com\/en\/gdr\/journees-du-gdr-2\/summer-school\/#Summer_school_description\">Description<\/a><\/div>\n\n\n\n<div class=\"wp-block-button\"><a class=\"wp-block-button__link has-text-align-center wp-element-button\" href=\"https:\/\/www.nanosciences-spm-uhv.com\/en\/gdr\/journees-du-gdr-2\/summer-school\/#Summer_school_programme\">Program<\/a><\/div>\n\n\n\n<div class=\"wp-block-button\"><a class=\"wp-block-button__link wp-element-button\" href=\"https:\/\/www.nanosciences-spm-uhv.com\/en\/gdr\/journees-du-gdr-2\/summer-school\/information\/\" target=\"_blank\" rel=\"noreferrer noopener\">Information (Site, travel, etc.)<\/a><\/div>\n\n\n\n<div class=\"wp-block-button\"><a class=\"wp-block-button__link wp-element-button\" href=\"https:\/\/www.nanosciences-spm-uhv.com\/en\/gdr\/journees-du-gdr-2\/summer-school\/Download\/\" target=\"_blank\" rel=\"noreferrer noopener\">Download<\/a><\/div>\n<\/div>\n\n\n\n<h4 class=\"wp-block-heading\"><strong>Registration fees<\/strong><\/h4>\n\n\n<div class=\"wp-block-image\">\n<figure class=\"aligncenter size-full is-resized\"><img loading=\"lazy\" decoding=\"async\" width=\"875\" height=\"863\" src=\"https:\/\/www.nanosciences-spm-uhv.com\/wp-content\/uploads\/2024\/08\/LOGO_CNRS_BLEU.png\" alt=\"\" class=\"wp-image-2605\" style=\"width:138px;height:auto\" srcset=\"https:\/\/www.nanosciences-spm-uhv.com\/wp-content\/uploads\/2024\/08\/LOGO_CNRS_BLEU.png 875w, https:\/\/www.nanosciences-spm-uhv.com\/wp-content\/uploads\/2024\/08\/LOGO_CNRS_BLEU-300x296.png 300w, https:\/\/www.nanosciences-spm-uhv.com\/wp-content\/uploads\/2024\/08\/LOGO_CNRS_BLEU-768x757.png 768w, https:\/\/www.nanosciences-spm-uhv.com\/wp-content\/uploads\/2024\/08\/LOGO_CNRS_BLEU-12x12.png 12w\" sizes=\"auto, (max-width: 875px) 100vw, 875px\" \/><\/figure>\n<\/div>\n\n\n<p class=\"wp-block-paragraph\">This thematic school has been selected by the CNRS permanent training committee and is managed by the <a href=\"https:\/\/www.provence-corse.cnrs.fr\/fr\" data-type=\"link\" data-id=\"https:\/\/www.provence-corse.cnrs.fr\/fr\" target=\"_blank\" rel=\"noreferrer noopener\">section 12 of the CNRS<\/a>.  As a result, registration fees will be covered for CNRS members. <strong>Registration fees include accommodation, breakfast, meals, teaching material, coffee breaks, etc.<\/strong><\/p>\n\n\n\n<figure class=\"wp-block-table\"><table class=\"has-fixed-layout\"><tbody><tr><td>CNRS members<\/td><td>CNRS permanent researchers, CNRS permanent engineers, CNRS PhD students, CNRS post-docs <\/td><td class=\"has-text-align-left\" data-align=\"left\">0 \u20ac<\/td><\/tr><tr><td>Non-CNRS members<\/td><td>Permanent researchers (employed by university, etc.), permanent engineers (employed by university, etc.)<\/td><td class=\"has-text-align-left\" data-align=\"left\"><br>500 \u20ac<\/td><\/tr><tr><td>Non-CNRS members<\/td><td>PhD students (employed by university, etc.), post-docs (employed by university, etc.)<\/td><td class=\"has-text-align-left\" data-align=\"left\">350 \u20ac<\/td><\/tr><tr><td>Invited lecturers<\/td><td>\/<\/td><td class=\"has-text-align-left\" data-align=\"left\"><br>0 \u20ac<\/td><\/tr><tr><td>Industrial representatives<\/td><td>\/<\/td><td class=\"has-text-align-left\" data-align=\"left\"><br>500 \u20ac<\/td><\/tr><tr><td>Organizers<\/td><td>\/<\/td><td class=\"has-text-align-left\" data-align=\"left\"><br>0 \u20ac<\/td><\/tr><\/tbody><\/table><\/figure>\n\n\n\n<h4 class=\"wp-block-heading has-medium-font-size\"><strong>Registration<\/strong><\/h4>\n\n\n\n<p class=\"wp-block-paragraph\">Registration is a two-stage process: after the first stage, participants' entry data will be verified within 24 hours. Once verified, participants will be invited by e-mail to register for the second stage. Deadline: <strong>2024-07-31<\/strong><\/p>\n\n\n\n<div class=\"wp-block-uagb-buttons uagb-buttons__outer-wrap uagb-btn__default-btn uagb-btn-tablet__default-btn uagb-btn-mobile__default-btn uagb-block-bb9b5540\"><div class=\"uagb-buttons__wrap uagb-buttons-layout-wrap\">\n<div class=\"wp-block-uagb-buttons-child uagb-buttons__outer-wrap uagb-block-5e2e6153 wp-block-button\"><div class=\"uagb-button__wrapper\"><a class=\"uagb-buttons-repeater wp-block-button__link\" aria-label=\"\" href=\"#\" rel=\"nofollow noopener\" target=\"_self\" role=\"button\"><div class=\"uagb-button__link\">The registration page is closed (2024-08-23)<\/div><span class=\"uagb-button__icon uagb-button__icon-position-after\"><svg xmlns=\"https:\/\/www.w3.org\/2000\/svg\" viewbox=\"0 0 448 512\" aria-hidden=\"true\" focussable=\"false\"><path d=\"M438.6 278.6l-160 160C272.4 444.9 264.2 448 256 448s-16.38-3.125-22.62-9.375c-12.5-12.5-12.5-32.75 0-45.25L338.8 288H32C14.33 288 .0016 273.7 .0016 256S14.33 224 32 224h306.8l-105.4-105.4c-12.5-12.5-12.5-32.75 0-45.25s32.75-12.5 45.25 0l160 160C451.1 245.9 451.1 266.1 438.6 278.6z\"><\/path><\/svg><\/span><\/a><\/div><\/div>\n<\/div><\/div>\n\n\n\n\n\n\n<div class=\"wp-block-uagb-separator uagb-block-198ba8d9\"><div class=\"uagb-separator-spacing-wrapper\"><div class=\"wp-block-uagb-separator__inner\" style=\"--my-background-image:\"><\/div><\/div><\/div>\n\n\n\n<p class=\"has-medium-font-size wp-block-paragraph\" id=\"Summer_school_description\"><strong>Description<\/strong><\/p>\n\n\n\n<p class=\"wp-block-paragraph\">The aim of our school is to enable participants to acquire the theoretical, technical and scientific foundations of the various near-field microscopies operating in ultra-high vacuum and their associated spectroscopies. The school primarily targets young researchers, CNRS and university researchers, PhD and post-doctoral students, as well as engineers and technicians from the industrial sector.<br>The lecture courses will address the various scientific themes defined in the 5 axes of the NS-CPU network. The program will cover the scientific concepts of UHV near field microscopy used in nanosciences. It is planned to teach also the basic theoretical concepts of the two microscopy techniques, STM and AFM:<\/p>\n\n\n\n<div class=\"wp-block-uagb-icon-list uagb-block-8bf4def2\"><div class=\"uagb-icon-list__wrap\">\n<div class=\"wp-block-uagb-icon-list-child uagb-block-0db2682b\"><span class=\"uagb-icon-list__source-wrap\"><svg xmlns=\"https:\/\/www.w3.org\/2000\/svg\" viewbox=\"0 0 512 512\"><path d=\"M256 0C114.6 0 0 114.6 0 256c0 141.4 114.6 256 256 256s256-114.6 256-256C512 114.6 397.4 0 256 0zM406.6 278.6l-103.1 103.1c-12.5 12.5-32.75 12.5-45.25 0s-12.5-32.75 0-45.25L306.8 288H128C110.3 288 96 273.7 96 256s14.31-32 32-32h178.8l-49.38-49.38c-12.5-12.5-12.5-32.75 0-45.25s32.75-12.5 45.25 0l103.1 103.1C414.6 241.3 416 251.1 416 256C416 260.9 414.6 270.7 406.6 278.6z\"><\/path><\/svg><\/span><span class=\"uagb-icon-list__label\">Scanning tunnelling microscopy (STM) and its derivatives (photon STM and magnetic field STM)<\/span><\/div>\n\n\n\n<div class=\"wp-block-uagb-icon-list-child uagb-block-b5b0dcbe\"><span class=\"uagb-icon-list__source-wrap\"><svg xmlns=\"https:\/\/www.w3.org\/2000\/svg\" viewbox=\"0 0 512 512\"><path d=\"M256 0C114.6 0 0 114.6 0 256c0 141.4 114.6 256 256 256s256-114.6 256-256C512 114.6 397.4 0 256 0zM406.6 278.6l-103.1 103.1c-12.5 12.5-32.75 12.5-45.25 0s-12.5-32.75 0-45.25L306.8 288H128C110.3 288 96 273.7 96 256s14.31-32 32-32h178.8l-49.38-49.38c-12.5-12.5-12.5-32.75 0-45.25s32.75-12.5 45.25 0l103.1 103.1C414.6 241.3 416 251.1 416 256C416 260.9 414.6 270.7 406.6 278.6z\"><\/path><\/svg><\/span><span class=\"uagb-icon-list__label\">STS spectroscopy methods (I(V), I(Z), dI\/dV imaging, etc.)<\/span><\/div>\n\n\n\n<div class=\"wp-block-uagb-icon-list-child uagb-block-5e51782c\"><span class=\"uagb-icon-list__source-wrap\"><svg xmlns=\"https:\/\/www.w3.org\/2000\/svg\" viewbox=\"0 0 512 512\"><path d=\"M256 0C114.6 0 0 114.6 0 256c0 141.4 114.6 256 256 256s256-114.6 256-256C512 114.6 397.4 0 256 0zM406.6 278.6l-103.1 103.1c-12.5 12.5-32.75 12.5-45.25 0s-12.5-32.75 0-45.25L306.8 288H128C110.3 288 96 273.7 96 256s14.31-32 32-32h178.8l-49.38-49.38c-12.5-12.5-12.5-32.75 0-45.25s32.75-12.5 45.25 0l103.1 103.1C414.6 241.3 416 251.1 416 256C416 260.9 414.6 270.7 406.6 278.6z\"><\/path><\/svg><\/span><span class=\"uagb-icon-list__label\">Non-contact atomic force microscopy (nc-AFM)<\/span><\/div>\n\n\n\n<div class=\"wp-block-uagb-icon-list-child uagb-block-4d93bdd5\"><span class=\"uagb-icon-list__source-wrap\"><svg xmlns=\"https:\/\/www.w3.org\/2000\/svg\" viewbox=\"0 0 512 512\"><path d=\"M256 0C114.6 0 0 114.6 0 256c0 141.4 114.6 256 256 256s256-114.6 256-256C512 114.6 397.4 0 256 0zM406.6 278.6l-103.1 103.1c-12.5 12.5-32.75 12.5-45.25 0s-12.5-32.75 0-45.25L306.8 288H128C110.3 288 96 273.7 96 256s14.31-32 32-32h178.8l-49.38-49.38c-12.5-12.5-12.5-32.75 0-45.25s32.75-12.5 45.25 0l103.1 103.1C414.6 241.3 416 251.1 416 256C416 260.9 414.6 270.7 406.6 278.6z\"><\/path><\/svg><\/span><span class=\"uagb-icon-list__label\">Kelvin probe force microscopy (KPFM) and related force spectroscopy methods (\u2206f(V), \u2206f(z), EFM, etc.)<\/span><\/div>\n<\/div><\/div>\n\n\n\n<p class=\"has-medium-font-size wp-block-paragraph\"><strong>Teaching elements<\/strong><\/p>\n\n\n\n<p class=\"wp-block-paragraph\">The school will include several types of activities: lecture courses, poster sessions and enough time for open discussions:<\/p>\n\n\n\n<div class=\"wp-block-uagb-icon-list uagb-block-bbe198fd\"><div class=\"uagb-icon-list__wrap\">\n<div class=\"wp-block-uagb-icon-list-child uagb-block-760c70ac\"><span class=\"uagb-icon-list__source-wrap\"><svg xmlns=\"https:\/\/www.w3.org\/2000\/svg\" viewbox=\"0 0 512 512\"><path d=\"M256 0C114.6 0 0 114.6 0 256c0 141.4 114.6 256 256 256s256-114.6 256-256C512 114.6 397.4 0 256 0zM406.6 278.6l-103.1 103.1c-12.5 12.5-32.75 12.5-45.25 0s-12.5-32.75 0-45.25L306.8 288H128C110.3 288 96 273.7 96 256s14.31-32 32-32h178.8l-49.38-49.38c-12.5-12.5-12.5-32.75 0-45.25s32.75-12.5 45.25 0l103.1 103.1C414.6 241.3 416 251.1 416 256C416 260.9 414.6 270.7 406.6 278.6z\"><\/path><\/svg><\/span><span class=\"uagb-icon-list__label\">11lecture courses given by national and internationally renowned researchers. A course will last 90 minutes with an integrated ~5-10 minute break and a 30-minute break between the courses.<\/span><\/div>\n\n\n\n<div class=\"wp-block-uagb-icon-list-child uagb-block-4ba8bcf1\"><span class=\"uagb-icon-list__source-wrap\"><svg xmlns=\"https:\/\/www.w3.org\/2000\/svg\" viewbox=\"0 0 512 512\"><path d=\"M256 0C114.6 0 0 114.6 0 256c0 141.4 114.6 256 256 256s256-114.6 256-256C512 114.6 397.4 0 256 0zM406.6 278.6l-103.1 103.1c-12.5 12.5-32.75 12.5-45.25 0s-12.5-32.75 0-45.25L306.8 288H128C110.3 288 96 273.7 96 256s14.31-32 32-32h178.8l-49.38-49.38c-12.5-12.5-12.5-32.75 0-45.25s32.75-12.5 45.25 0l103.1 103.1C414.6 241.3 416 251.1 416 256C416 260.9 414.6 270.7 406.6 278.6z\"><\/path><\/svg><\/span><span class=\"uagb-icon-list__label\">2 poster sessions will take place in the afternoon, on two days. This will be an opportunity for all participants (PhD students, postdocs and researchers) to present their latest results and to discuss the results with experts in the field.<\/span><\/div>\n\n\n\n<div class=\"wp-block-uagb-icon-list-child uagb-block-528e1035\"><span class=\"uagb-icon-list__source-wrap\"><svg xmlns=\"https:\/\/www.w3.org\/2000\/svg\" viewbox=\"0 0 512 512\"><path d=\"M256 0C114.6 0 0 114.6 0 256c0 141.4 114.6 256 256 256s256-114.6 256-256C512 114.6 397.4 0 256 0zM406.6 278.6l-103.1 103.1c-12.5 12.5-32.75 12.5-45.25 0s-12.5-32.75 0-45.25L306.8 288H128C110.3 288 96 273.7 96 256s14.31-32 32-32h178.8l-49.38-49.38c-12.5-12.5-12.5-32.75 0-45.25s32.75-12.5 45.25 0l103.1 103.1C414.6 241.3 416 251.1 416 256C416 260.9 414.6 270.7 406.6 278.6z\"><\/path><\/svg><\/span><span class=\"uagb-icon-list__label\">Enough time for open discussions are foreseen throughout the school. This will give researchers and students the chance to discuss everything about SPM with the lecturers or with each other.<\/span><\/div>\n<\/div><\/div>\n\n\n\n<div class=\"wp-block-uagb-container uagb-block-be305114\">\n<section class=\"wp-block-uagb-columns uagb-columns__wrap uagb-columns__background-none uagb-columns__stack-mobile uagb-columns__valign-center uagb-columns__gap-20 alignwide uagb-block-05cac896 uagb-columns__columns-3 uagb-columns__max_width-theme\"><div class=\"uagb-columns__overlay\"><\/div><div class=\"uagb-columns__inner-wrap uagb-columns__columns-3\">\n<div class=\"wp-block-uagb-column uagb-column__wrap uagb-column__background-undefined uagb-block-7bb8916d\"><div class=\"uagb-column__overlay\"><\/div>\n<figure class=\"wp-block-image size-full is-resized\"><img loading=\"lazy\" decoding=\"async\" width=\"1024\" height=\"768\" src=\"https:\/\/www.nanosciences-spm-uhv.com\/wp-content\/uploads\/2024\/02\/Vue_sur_la_plage_Notre_Dame_Porquerolles.jpg\" alt=\"\" class=\"wp-image-2154\" style=\"width:auto;height:200px\" srcset=\"https:\/\/www.nanosciences-spm-uhv.com\/wp-content\/uploads\/2024\/02\/Vue_sur_la_plage_Notre_Dame_Porquerolles.jpg 1024w, https:\/\/www.nanosciences-spm-uhv.com\/wp-content\/uploads\/2024\/02\/Vue_sur_la_plage_Notre_Dame_Porquerolles-300x225.jpg 300w, https:\/\/www.nanosciences-spm-uhv.com\/wp-content\/uploads\/2024\/02\/Vue_sur_la_plage_Notre_Dame_Porquerolles-768x576.jpg 768w, https:\/\/www.nanosciences-spm-uhv.com\/wp-content\/uploads\/2024\/02\/Vue_sur_la_plage_Notre_Dame_Porquerolles-16x12.jpg 16w\" sizes=\"auto, (max-width: 1024px) 100vw, 1024px\" \/><\/figure>\n<\/div>\n\n\n\n<div class=\"wp-block-uagb-column uagb-column__wrap uagb-column__background-undefined uagb-block-a8df7fdc\"><div class=\"uagb-column__overlay\"><\/div>\n<figure class=\"wp-block-image size-large is-resized\"><img loading=\"lazy\" decoding=\"async\" width=\"1024\" height=\"768\" src=\"https:\/\/www.nanosciences-spm-uhv.com\/wp-content\/uploads\/2024\/03\/IMG_9518-1024x768.jpg\" alt=\"\" class=\"wp-image-2178\" style=\"width:auto;height:200px\" srcset=\"https:\/\/www.nanosciences-spm-uhv.com\/wp-content\/uploads\/2024\/03\/IMG_9518-1024x768.jpg 1024w, https:\/\/www.nanosciences-spm-uhv.com\/wp-content\/uploads\/2024\/03\/IMG_9518-300x225.jpg 300w, https:\/\/www.nanosciences-spm-uhv.com\/wp-content\/uploads\/2024\/03\/IMG_9518-768x576.jpg 768w, https:\/\/www.nanosciences-spm-uhv.com\/wp-content\/uploads\/2024\/03\/IMG_9518-1536x1152.jpg 1536w, https:\/\/www.nanosciences-spm-uhv.com\/wp-content\/uploads\/2024\/03\/IMG_9518-2048x1536.jpg 2048w, https:\/\/www.nanosciences-spm-uhv.com\/wp-content\/uploads\/2024\/03\/IMG_9518-16x12.jpg 16w\" sizes=\"auto, (max-width: 1024px) 100vw, 1024px\" \/><\/figure>\n<\/div>\n\n\n\n<div class=\"wp-block-uagb-column uagb-column__wrap uagb-column__background-undefined uagb-block-44f1081e\"><div class=\"uagb-column__overlay\"><\/div>\n<figure class=\"wp-block-image size-large is-resized\"><img loading=\"lazy\" decoding=\"async\" width=\"1024\" height=\"768\" src=\"https:\/\/www.nanosciences-spm-uhv.com\/wp-content\/uploads\/2024\/03\/IMG_9516-1024x768.jpg\" alt=\"\" class=\"wp-image-2197\" style=\"width:auto;height:200px\" srcset=\"https:\/\/www.nanosciences-spm-uhv.com\/wp-content\/uploads\/2024\/03\/IMG_9516-1024x768.jpg 1024w, https:\/\/www.nanosciences-spm-uhv.com\/wp-content\/uploads\/2024\/03\/IMG_9516-300x225.jpg 300w, https:\/\/www.nanosciences-spm-uhv.com\/wp-content\/uploads\/2024\/03\/IMG_9516-768x576.jpg 768w, https:\/\/www.nanosciences-spm-uhv.com\/wp-content\/uploads\/2024\/03\/IMG_9516-1536x1152.jpg 1536w, https:\/\/www.nanosciences-spm-uhv.com\/wp-content\/uploads\/2024\/03\/IMG_9516-2048x1536.jpg 2048w, https:\/\/www.nanosciences-spm-uhv.com\/wp-content\/uploads\/2024\/03\/IMG_9516-16x12.jpg 16w\" sizes=\"auto, (max-width: 1024px) 100vw, 1024px\" \/><\/figure>\n<\/div>\n<\/div><\/section>\n<\/div>\n\n\n\n<p class=\"has-medium-font-size wp-block-paragraph\" id=\"Summer_school_programme\"><strong>Program<\/strong><\/p>\n\n\n\n<p class=\"wp-block-paragraph\">You'll find the titles of the various teaching units below the graphic!<\/p>\n\n\n<div class=\"wp-block-image\">\n<figure class=\"aligncenter size-full\"><img loading=\"lazy\" decoding=\"async\" width=\"1583\" height=\"912\" src=\"https:\/\/www.nanosciences-spm-uhv.com\/wp-content\/uploads\/2024\/10\/Kalender_v12.png\" alt=\"\" class=\"wp-image-2764\" srcset=\"https:\/\/www.nanosciences-spm-uhv.com\/wp-content\/uploads\/2024\/10\/Kalender_v12.png 1583w, https:\/\/www.nanosciences-spm-uhv.com\/wp-content\/uploads\/2024\/10\/Kalender_v12-300x173.png 300w, https:\/\/www.nanosciences-spm-uhv.com\/wp-content\/uploads\/2024\/10\/Kalender_v12-1024x590.png 1024w, https:\/\/www.nanosciences-spm-uhv.com\/wp-content\/uploads\/2024\/10\/Kalender_v12-768x442.png 768w, https:\/\/www.nanosciences-spm-uhv.com\/wp-content\/uploads\/2024\/10\/Kalender_v12-1536x885.png 1536w, https:\/\/www.nanosciences-spm-uhv.com\/wp-content\/uploads\/2024\/10\/Kalender_v12-18x10.png 18w\" sizes=\"auto, (max-width: 1583px) 100vw, 1583px\" \/><\/figure>\n<\/div>\n\n\n<p class=\"wp-block-paragraph\"><strong>Axis 1 - Electronic and vibrational structure of individual nanostructures and nano-objects<\/strong><br><strong>Cours 1: <\/strong><em>Scientific and technical basis of the STM and STS \u2013 Part 1<\/em><br>Dimitri RODITCHEV (ESPCI \/ Paris)<br><strong>Cours 3: <\/strong><em>Scientific and technical basis of the STM and STS \u2013 Part 2<\/em><br>Dimitri RODITCHEV (ESPCI \/ Paris)<br><strong>Cours 10: <\/strong><em>Electronic structure of 2D van der Waals materials probed at the nanoscale<\/em><br>Pierre MALLET (Institut N\u00e9el\/Universit\u00e9 Grenoble-Alpes &amp; CNRS \/ Grenoble)<br><br><strong>Axis 2 - Light-matter interactions on the nanometer scale<\/strong><br><strong>Cours 6: <\/strong><em>Light-matter interactions in near field microscopy<\/em><br>Eric LE MOAL (ISMO \/ Paris)<br><strong>Cours 8: <\/strong><em>Principles of atomic-scale optical microscopy and spectroscopy<\/em><br>Tomas NEUMAN (Institute of Physics of the Czech Acadamy of Science (FZU), Prague)<br><br><strong>Axis 3 - Local magnetism and quantum states in magnetic fields<\/strong><br><strong>Cours 7:<\/strong> <em>Magnetic imaging with inelastic tunnel electrons<\/em><br>Laurent LIMOT (IPCMS \/ Strasbourg)<br><strong>Cours 9:<\/strong> <em>Scanning tunneling microscopy to probe magnetism and nanomagnetism<\/em><br>Marie HERVE (INSP, Paris)<br><br><strong>Axis 4 - Electronic and electrostatic properties of surfaces and supported nano-objects and charge transfer phenomena<\/strong><br><strong>Cours 2:<\/strong> <em><em>Noncontact atomic force microscopy in ultra high vacuum: concepts<\/em><\/em><br>Laurent NONY (IM2NP \/ Marseille)<br><strong>Cours 4:<\/strong> <em>KELVIN PROBE FORCE MICROSCOPY: principles, heterodyne modes and applications to SPV imaging<\/em><br>Benjamin GREVIN (Institut Neel \/ PLUM \/ NOF \/ Grenoble)<br><br><strong>Axis 5 - Theoretical concepts and numerical utilities<\/strong><br><strong>Cours 5:<\/strong> <em>Modelling the tunneling current with the Keldysh Green functions formalism<\/em><br>Cesar GONZALEZ (Universidad Complutense de Madrid)<br><strong>Cours 11:<\/strong> <em>Theory and DFT simulations of spin-polarized transport<\/em><br>Alexander SMOGUNOV (SPEC \/ Saclay)<\/p>\n<\/div><\/div>\n\n\n\n<p class=\"wp-block-paragraph\"><\/p>\n\n\n\n<p class=\"wp-block-paragraph\"><\/p>","protected":false},"excerpt":{"rendered":"<p>The school is over. Thanks for coming ! Derni\u00e8re mise \u00e0 jour: 12\/10\/2024Nous organiserons une \u00e9cole d&rsquo;\u00e9t\u00e9 de notre GdR NS-CPU en octobre sur l&rsquo;\u00eele de Proquerolles. L&rsquo;\u00e9cole est en anglais et aura lieu du lundi 07\/10\/2024 (d\u00e8s l&rsquo;apr\u00e8s-midi) au vendredi 11\/10\/2024 (jusqu&rsquo;\u00e0 midi) au Centre IGESA. Frais d\u2019inscription Cette \u00e9cole th\u00e9matique a \u00e9t\u00e9 retenue<\/p><\/div>\n<div class=\"blog-btn\"><a href=\"https:\/\/www.nanosciences-spm-uhv.com\/en\/gdr\/journees\/summer-school\/\" class=\"home-blog-btn\">Read More<\/a><\/p>","protected":false},"author":1,"featured_media":0,"parent":1504,"menu_order":0,"comment_status":"closed","ping_status":"closed","template":"","meta":{"_crdt_document":"","_uag_custom_page_level_css":"","footnotes":""},"class_list":["post-2148","page","type-page","status-publish","hentry"],"uagb_featured_image_src":{"full":false,"thumbnail":false,"medium":false,"medium_large":false,"large":false,"1536x1536":false,"2048x2048":false,"trp-custom-language-flag":false,"sow-carousel-default":false},"uagb_author_info":{"display_name":false,"author_link":"https:\/\/www.nanosciences-spm-uhv.com\/en\/author\/zpqq18wlui98\/"},"uagb_comment_info":0,"uagb_excerpt":"The school is over. Thanks for coming ! Derni\u00e8re mise \u00e0 jour: 12\/10\/2024Nous organiserons une \u00e9cole d&rsquo;\u00e9t\u00e9 de notre GdR NS-CPU en octobre sur l&rsquo;\u00eele de Proquerolles. L&rsquo;\u00e9cole est en anglais et aura lieu du lundi 07\/10\/2024 (d\u00e8s l&rsquo;apr\u00e8s-midi) au vendredi 11\/10\/2024 (jusqu&rsquo;\u00e0 midi) au Centre IGESA. Frais d\u2019inscription Cette \u00e9cole th\u00e9matique a \u00e9t\u00e9 retenueRead&hellip;","_links":{"self":[{"href":"https:\/\/www.nanosciences-spm-uhv.com\/en\/wp-json\/wp\/v2\/pages\/2148","targetHints":{"allow":["GET"]}}],"collection":[{"href":"https:\/\/www.nanosciences-spm-uhv.com\/en\/wp-json\/wp\/v2\/pages"}],"about":[{"href":"https:\/\/www.nanosciences-spm-uhv.com\/en\/wp-json\/wp\/v2\/types\/page"}],"author":[{"embeddable":true,"href":"https:\/\/www.nanosciences-spm-uhv.com\/en\/wp-json\/wp\/v2\/users\/1"}],"replies":[{"embeddable":true,"href":"https:\/\/www.nanosciences-spm-uhv.com\/en\/wp-json\/wp\/v2\/comments?post=2148"}],"version-history":[{"count":151,"href":"https:\/\/www.nanosciences-spm-uhv.com\/en\/wp-json\/wp\/v2\/pages\/2148\/revisions"}],"predecessor-version":[{"id":2772,"href":"https:\/\/www.nanosciences-spm-uhv.com\/en\/wp-json\/wp\/v2\/pages\/2148\/revisions\/2772"}],"up":[{"embeddable":true,"href":"https:\/\/www.nanosciences-spm-uhv.com\/en\/wp-json\/wp\/v2\/pages\/1504"}],"wp:attachment":[{"href":"https:\/\/www.nanosciences-spm-uhv.com\/en\/wp-json\/wp\/v2\/media?parent=2148"}],"curies":[{"name":"wp","href":"https:\/\/api.w.org\/{rel}","templated":true}]}}