{"id":1887,"date":"2023-09-12T12:42:15","date_gmt":"2023-09-12T12:42:15","guid":{"rendered":"https:\/\/www.nanosciences-spm-uhv.com\/?page_id=1887"},"modified":"2025-05-28T11:59:54","modified_gmt":"2025-05-28T11:59:54","slug":"soumission-dun-resume","status":"publish","type":"page","link":"https:\/\/www.nanosciences-spm-uhv.com\/en\/gdr\/journees\/journees2023\/soumission-dun-resume\/","title":{"rendered":"Submit your abstract"},"content":{"rendered":"<h2 class=\"wp-block-heading\">Submit your abstract<\/h2>\n\n\n\n<p class=\"wp-block-paragraph\">Please submit your abstract, in english, in pdf, by using the following form.<\/p>\n\n\n\n<p class=\"wp-block-paragraph\">Please use the word template available <a href=\"https:\/\/www.nanosciences-spm-uhv.com\/wp-content\/uploads\/2023\/09\/TEMPLATE_ABSTRACT_GDR_NS_CPU_2023.doc\" target=\"_blank\" rel=\"noreferrer noopener\">here<\/a> and name your file as follow:<\/p>\n\n\n\n<p class=\"wp-block-paragraph\">NAME First name GDR NS-CPU 2023 Abstract Oral<br>or<br>NOM Pr\u00e9nom GDR NS-CPU 2023 Abstract Poster<\/p>\n\n\n\n<p class=\"has-vivid-red-color has-text-color has-link-color wp-elements-57041ebef0309ef950c83fd740428943 wp-block-paragraph\">La soumission est close.<\/p>","protected":false},"excerpt":{"rendered":"<p>Soumission d&rsquo;un r\u00e9sum\u00e9 Vous pouvez soumettre votre r\u00e9sum\u00e9, en anglais, en format pdf, en utilisant le formulaire ci-dessous. Merci d&rsquo;utiliser le template au format word disponible ici et de nommer votre fichier : NOM Pr\u00e9nom GDR NS-CPU 2023 Abstract OralouNOM Pr\u00e9nom GDR NS-CPU 2023 Abstract Poster La soumission est close.<\/p>","protected":false},"author":1,"featured_media":0,"parent":1745,"menu_order":3,"comment_status":"closed","ping_status":"closed","template":"","meta":{"_crdt_document":"","_uag_custom_page_level_css":"","footnotes":""},"class_list":["post-1887","page","type-page","status-publish","hentry"],"uagb_featured_image_src":{"full":false,"thumbnail":false,"medium":false,"medium_large":false,"large":false,"1536x1536":false,"2048x2048":false,"trp-custom-language-flag":false,"sow-carousel-default":false},"uagb_author_info":{"display_name":false,"author_link":"https:\/\/www.nanosciences-spm-uhv.com\/en\/author\/zpqq18wlui98\/"},"uagb_comment_info":0,"uagb_excerpt":"Soumission d&rsquo;un r\u00e9sum\u00e9 Vous pouvez soumettre votre r\u00e9sum\u00e9, en anglais, en format pdf, en utilisant le formulaire ci-dessous. Merci d&rsquo;utiliser le template au format word disponible ici et de nommer votre fichier : NOM Pr\u00e9nom GDR NS-CPU 2023 Abstract OralouNOM Pr\u00e9nom GDR NS-CPU 2023 Abstract Poster La soumission est close.","_links":{"self":[{"href":"https:\/\/www.nanosciences-spm-uhv.com\/en\/wp-json\/wp\/v2\/pages\/1887","targetHints":{"allow":["GET"]}}],"collection":[{"href":"https:\/\/www.nanosciences-spm-uhv.com\/en\/wp-json\/wp\/v2\/pages"}],"about":[{"href":"https:\/\/www.nanosciences-spm-uhv.com\/en\/wp-json\/wp\/v2\/types\/page"}],"author":[{"embeddable":true,"href":"https:\/\/www.nanosciences-spm-uhv.com\/en\/wp-json\/wp\/v2\/users\/1"}],"replies":[{"embeddable":true,"href":"https:\/\/www.nanosciences-spm-uhv.com\/en\/wp-json\/wp\/v2\/comments?post=1887"}],"version-history":[{"count":6,"href":"https:\/\/www.nanosciences-spm-uhv.com\/en\/wp-json\/wp\/v2\/pages\/1887\/revisions"}],"predecessor-version":[{"id":3062,"href":"https:\/\/www.nanosciences-spm-uhv.com\/en\/wp-json\/wp\/v2\/pages\/1887\/revisions\/3062"}],"up":[{"embeddable":true,"href":"https:\/\/www.nanosciences-spm-uhv.com\/en\/wp-json\/wp\/v2\/pages\/1745"}],"wp:attachment":[{"href":"https:\/\/www.nanosciences-spm-uhv.com\/en\/wp-json\/wp\/v2\/media?parent=1887"}],"curies":[{"name":"wp","href":"https:\/\/api.w.org\/{rel}","templated":true}]}}