{"id":1142,"date":"2022-06-08T15:19:35","date_gmt":"2022-06-08T15:19:35","guid":{"rendered":"https:\/\/www.nanosciences-spm-uhv.com\/?page_id=1142"},"modified":"2023-11-23T09:22:36","modified_gmt":"2023-11-23T09:22:36","slug":"axe4","status":"publish","type":"page","link":"https:\/\/www.nanosciences-spm-uhv.com\/en\/gdr\/thematiques\/axe4\/","title":{"rendered":"Theme 4"},"content":{"rendered":"<p class=\"wp-block-paragraph\"><a href=\"https:\/\/www.nanosciences-spm-uhv.com\/en\/gdr\/thematiques\/\">Back to Themes<\/a><\/p>\n\n\n\n<div style=\"height:25px\" aria-hidden=\"true\" class=\"wp-block-spacer\"><\/div>\n\n\n\n<h2 class=\"wp-block-heading\" id=\"axe-4-proprietes-electroniques-electrostatique-et-transfert-de-charges\"><strong>Theme 4: Electronic and electrostatic properties, charge transfer<\/strong><\/h2>\n\n\n\n<p class=\"wp-block-paragraph\">Coordinators:\u00a0<a href=\"https:\/\/www.cinam.univ-mrs.fr\/cinam\/le-centre\/annuaire\/fiche-personnel\/?idu=75\" target=\"_blank\" rel=\"noreferrer noopener\">Clemens BARTH<\/a>\u00a0(CINAM, Marseille) et\u00a0<a href=\"https:\/\/www.iemn.fr\/les_plateformes\/plateforme-de-caracterisation-multi-physique-pcmp\/staff-pcmp\" target=\"_blank\" rel=\"noreferrer noopener\">Sylvie GODEY<\/a>\u00a0(IEMN, Lille)<\/p>\n\n\n\n<div class=\"wp-block-columns are-vertically-aligned-center is-style-no-spacing is-layout-flex wp-container-core-columns-is-layout-8f761849 wp-block-columns-is-layout-flex\">\n<div class=\"wp-block-column is-vertically-aligned-center is-layout-flow wp-block-column-is-layout-flow\" style=\"flex-basis:20%\">\n<div class=\"wp-block-cover\" style=\"min-height:243px;aspect-ratio:unset;\"><span aria-hidden=\"true\" class=\"wp-block-cover__background has-background-dim\"><\/span><img loading=\"lazy\" decoding=\"async\" width=\"553\" height=\"558\" class=\"wp-block-cover__image-background wp-image-1095\" alt=\"\" src=\"https:\/\/www.nanosciences-spm-uhv.com\/wp-content\/uploads\/2022\/06\/Mol2.png\" data-object-fit=\"cover\" srcset=\"https:\/\/www.nanosciences-spm-uhv.com\/wp-content\/uploads\/2022\/06\/Mol2.png 553w, https:\/\/www.nanosciences-spm-uhv.com\/wp-content\/uploads\/2022\/06\/Mol2-297x300.png 297w, https:\/\/www.nanosciences-spm-uhv.com\/wp-content\/uploads\/2022\/06\/Mol2-150x150.png 150w, https:\/\/www.nanosciences-spm-uhv.com\/wp-content\/uploads\/2022\/06\/Mol2-12x12.png 12w\" sizes=\"auto, (max-width: 553px) 100vw, 553px\" \/><div class=\"wp-block-cover__inner-container is-layout-flow wp-block-cover-is-layout-flow\">\n<p class=\"has-text-align-center has-light-color has-text-color has-large-font-size wp-block-paragraph\"><strong>Objectives<\/strong><\/p>\n<\/div><\/div>\n<\/div>\n\n\n\n<div class=\"wp-block-column is-vertically-aligned-center is-layout-flow wp-block-column-is-layout-flow\" style=\"padding-top:5%;padding-right:5%;padding-bottom:5%;padding-left:5%;flex-basis:80%\">\n<ul class=\"wp-block-list\">\n<li>Work function measurements at nano-objects (e.g., metal nanoparticles) and self-assembled molecular nanostructures<\/li>\n\n\n\n<li>Measurements of charges and dipoles inside complex systems and of charged single atoms or molecules<\/li>\n\n\n\n<li>Electronic properties of materials for photovoltaics<\/li>\n\n\n\n<li>Charge transfer into insulator supported nano-objets (atoms, molecules, nanoparticles, \u2026) and charge transfer between such nano-objects<\/li>\n<\/ul>\n<\/div>\n<\/div>\n\n\n\n<h3 class=\"wp-block-heading\" id=\"techniques-experimentales-1\">Experimental techniques<\/h3>\n\n\n\n<ul class=\"wp-block-list\">\n<li>AFM non-contact (NC-AFM)<\/li>\n\n\n\n<li>Electrostatic force spectroscopy (EFS) as a function of the tip-surface bias voltage<\/li>\n\n\n\n<li>Kelvin probe force microscopy (KPFM) implemented into nc-AFM<\/li>\n\n\n\n<li>Time resolved dynamics of charging and discharging phenomena<\/li>\n<\/ul>\n\n\n\n<h3 class=\"wp-block-heading\" id=\"laboratoires-avec-une-activite-forte-sur-cet-axe-1\">Institutes with a strong activity on this theme<\/h3>\n\n\n\n<ul class=\"wp-block-list\">\n<li><a href=\"https:\/\/www.cemes.fr\/\" target=\"_blank\" rel=\"noreferrer noopener\">CEMES (Toulouse),<\/a><\/li>\n\n\n\n<li><a href=\"https:\/\/www.iemn.fr\/\" target=\"_blank\" rel=\"noreferrer noopener\">IEMN (Lille),<\/a><\/li>\n\n\n\n<li><a href=\"https:\/\/www.symmes.fr\/\" target=\"_blank\" rel=\"noreferrer noopener\">SyMMES (Grenoble),<\/a><\/li>\n\n\n\n<li><a href=\"https:\/\/www.im2np.fr\/fr\" target=\"_blank\" rel=\"noreferrer noopener\">IM2NP (Marseille),<\/a><\/li>\n\n\n\n<li><a href=\"https:\/\/www.cinam.univ-mrs.fr\/cinam\/\">CINaM (Marseille)<\/a><\/li>\n<\/ul>\n\n\n\n<div style=\"height:20px\" aria-hidden=\"true\" class=\"wp-block-spacer\"><\/div>\n\n\n\n<h2 class=\"wp-block-heading\">Derni\u00e8res publications<\/h2>\n\n\n\n<div class=\"wp-block-group\" style=\"padding-top:30px;padding-right:30px;padding-bottom:30px;padding-left:30px\"><div class=\"wp-block-group__inner-container is-layout-flow wp-block-group-is-layout-flow\">\n<div class=\"wp-block-columns is-layout-flex wp-container-core-columns-is-layout-8f761849 wp-block-columns-is-layout-flex\">\n<div class=\"wp-block-column is-layout-flow wp-block-column-is-layout-flow\" style=\"flex-basis:50%\">\n<div class=\"wp-block-query is-layout-flow wp-block-query-is-layout-flow\"><ul class=\"wp-block-post-template is-layout-flow wp-block-post-template-is-layout-flow\"><li class=\"wp-block-post post-2107 post type-post status-publish format-standard has-post-thumbnail hentry category-axe4 tag-axe4\">\n<figure class=\"wp-block-post-featured-image\"><img loading=\"lazy\" decoding=\"async\" width=\"750\" height=\"357\" src=\"https:\/\/www.nanosciences-spm-uhv.com\/wp-content\/uploads\/2023\/11\/FIG_Ez034B_KCl_nc_AFM_HR.png\" class=\"attachment-post-thumbnail size-post-thumbnail wp-post-image\" alt=\"\" style=\"object-fit:cover;\" srcset=\"https:\/\/www.nanosciences-spm-uhv.com\/wp-content\/uploads\/2023\/11\/FIG_Ez034B_KCl_nc_AFM_HR.png 750w, https:\/\/www.nanosciences-spm-uhv.com\/wp-content\/uploads\/2023\/11\/FIG_Ez034B_KCl_nc_AFM_HR-300x143.png 300w, https:\/\/www.nanosciences-spm-uhv.com\/wp-content\/uploads\/2023\/11\/FIG_Ez034B_KCl_nc_AFM_HR-18x9.png 18w\" sizes=\"auto, (max-width: 750px) 100vw, 750px\" \/><\/figure>\n\n<h2 class=\"wp-block-post-title has-medium-font-size\"><a href=\"https:\/\/www.nanosciences-spm-uhv.com\/en\/pub16\/\" target=\"_self\" >Stereoisomeric selection upon adsorption: A structural and optical study of curcuminoid derivatives on ultrathin films of KCl on Au(111) and on bulk KCl(001)<\/a><\/h2>\n\n\n<div style=\"height:61px\" aria-hidden=\"true\" class=\"wp-block-spacer\"><\/div>\n\n<\/li><li class=\"wp-block-post post-2043 post type-post status-publish format-standard has-post-thumbnail hentry category-axe4 tag-axe4\">\n<figure class=\"wp-block-post-featured-image\"><img loading=\"lazy\" decoding=\"async\" width=\"750\" height=\"418\" src=\"https:\/\/www.nanosciences-spm-uhv.com\/wp-content\/uploads\/2023\/11\/DualKPFM.png\" class=\"attachment-post-thumbnail size-post-thumbnail wp-post-image\" alt=\"\" style=\"object-fit:cover;\" srcset=\"https:\/\/www.nanosciences-spm-uhv.com\/wp-content\/uploads\/2023\/11\/DualKPFM.png 750w, https:\/\/www.nanosciences-spm-uhv.com\/wp-content\/uploads\/2023\/11\/DualKPFM-300x167.png 300w, https:\/\/www.nanosciences-spm-uhv.com\/wp-content\/uploads\/2023\/11\/DualKPFM-18x10.png 18w\" sizes=\"auto, (max-width: 750px) 100vw, 750px\" \/><\/figure>\n\n<h2 class=\"wp-block-post-title has-medium-font-size\"><a href=\"https:\/\/www.nanosciences-spm-uhv.com\/en\/pub15\/\" target=\"_self\" >Dual-heterodyne Kelvin probe force microscopy<\/a><\/h2>\n\n\n<div style=\"height:61px\" aria-hidden=\"true\" class=\"wp-block-spacer\"><\/div>\n\n<\/li><\/ul><\/div>\n<\/div>\n\n\n\n<div class=\"wp-block-column is-layout-flow wp-block-column-is-layout-flow\" style=\"flex-basis:50%\">\n<div class=\"wp-block-query is-layout-flow wp-block-query-is-layout-flow\"><ul class=\"wp-block-post-template is-layout-flow wp-block-post-template-is-layout-flow\"><li class=\"wp-block-post post-1969 post type-post status-publish format-standard has-post-thumbnail hentry category-axe4 tag-axe4\">\n\n<div style=\"height:82px\" aria-hidden=\"true\" class=\"wp-block-spacer\"><\/div>\n\n\n<figure style=\"width:75%;height:75%;\" class=\"wp-block-post-featured-image\"><img loading=\"lazy\" decoding=\"async\" width=\"567\" height=\"267\" src=\"https:\/\/www.nanosciences-spm-uhv.com\/wp-content\/uploads\/2023\/10\/Capture-decran-2023-10-11-a-9.03.34-PM.png\" class=\"attachment-post-thumbnail size-post-thumbnail wp-post-image\" alt=\"\" style=\"height:75%;object-fit:cover;\" srcset=\"https:\/\/www.nanosciences-spm-uhv.com\/wp-content\/uploads\/2023\/10\/Capture-decran-2023-10-11-a-9.03.34-PM.png 567w, https:\/\/www.nanosciences-spm-uhv.com\/wp-content\/uploads\/2023\/10\/Capture-decran-2023-10-11-a-9.03.34-PM-300x141.png 300w, https:\/\/www.nanosciences-spm-uhv.com\/wp-content\/uploads\/2023\/10\/Capture-decran-2023-10-11-a-9.03.34-PM-18x8.png 18w\" sizes=\"auto, (max-width: 567px) 100vw, 567px\" \/><\/figure>\n\n<h2 class=\"wp-block-post-title has-medium-font-size\"><a href=\"https:\/\/www.nanosciences-spm-uhv.com\/en\/pub14\/\" target=\"_self\" >Highly Conductive Tungsten Suboxide Nanotubes.<\/a><\/h2>\n<\/li><li class=\"wp-block-post post-1863 post type-post status-publish format-standard has-post-thumbnail hentry category-axe4 tag-axe4\">\n\n<div style=\"height:82px\" aria-hidden=\"true\" class=\"wp-block-spacer\"><\/div>\n\n\n<figure style=\"width:75%;height:75%;\" class=\"wp-block-post-featured-image\"><img loading=\"lazy\" decoding=\"async\" width=\"750\" height=\"375\" src=\"https:\/\/www.nanosciences-spm-uhv.com\/wp-content\/uploads\/2023\/07\/GDR_small.jpg\" class=\"attachment-post-thumbnail size-post-thumbnail wp-post-image\" alt=\"\" style=\"height:75%;object-fit:cover;\" srcset=\"https:\/\/www.nanosciences-spm-uhv.com\/wp-content\/uploads\/2023\/07\/GDR_small.jpg 750w, https:\/\/www.nanosciences-spm-uhv.com\/wp-content\/uploads\/2023\/07\/GDR_small-300x150.jpg 300w, https:\/\/www.nanosciences-spm-uhv.com\/wp-content\/uploads\/2023\/07\/GDR_small-18x9.jpg 18w\" sizes=\"auto, (max-width: 750px) 100vw, 750px\" \/><\/figure>\n\n<h2 class=\"wp-block-post-title has-medium-font-size\"><a href=\"https:\/\/www.nanosciences-spm-uhv.com\/en\/pub13\/\" target=\"_self\" >Observation of Kekul\u00e9 vortices induced in graphene by hydrogen adatoms<\/a><\/h2>\n<\/li><\/ul><\/div>\n<\/div>\n<\/div>\n<\/div><\/div>\n\n\n\n<div style=\"height:24px\" aria-hidden=\"true\" class=\"wp-block-spacer\"><\/div>\n\n\n\n<h3 class=\"wp-block-heading\" id=\"exemples-de-travaux-2\">Research examples<\/h3>\n\n\n\n<h5 class=\"wp-block-heading\" id=\"1-modification-du-travail-de-sortie-de-nanoparticules-de-pd-en-presence-d-oxygene\"><strong>1.&nbsp;Modification du travail de sortie de&nbsp;nanoparticules&nbsp;de Pd&nbsp;en<\/strong>&nbsp;<strong>pr\u00e9sence<\/strong>&nbsp;<strong>d\u2019oxyg\u00e8ne<\/strong><\/h5>\n\n\n<div class=\"wp-block-image\">\n<figure class=\"aligncenter size-large is-resized\"><img loading=\"lazy\" decoding=\"async\" width=\"1024\" height=\"490\" src=\"https:\/\/www.nanosciences-spm-uhv.com\/wp-content\/uploads\/2021\/06\/Axe4_WO-1024x490.png\" alt=\"\" class=\"wp-image-375\" style=\"width:512px;height:245px\" srcset=\"https:\/\/www.nanosciences-spm-uhv.com\/wp-content\/uploads\/2021\/06\/Axe4_WO-1024x490.png 1024w, https:\/\/www.nanosciences-spm-uhv.com\/wp-content\/uploads\/2021\/06\/Axe4_WO-300x143.png 300w, https:\/\/www.nanosciences-spm-uhv.com\/wp-content\/uploads\/2021\/06\/Axe4_WO-768x367.png 768w, https:\/\/www.nanosciences-spm-uhv.com\/wp-content\/uploads\/2021\/06\/Axe4_WO-16x8.png 16w, https:\/\/www.nanosciences-spm-uhv.com\/wp-content\/uploads\/2021\/06\/Axe4_WO.png 1150w\" sizes=\"auto, (max-width: 1024px) 100vw, 1024px\" \/><figcaption class=\"wp-element-caption\">CINaM\nH. Gr\u00f6nbeck, C. Barth, J. Phys Chem. C (2019)<\/figcaption><\/figure>\n<\/div>\n\n\n<h5 class=\"wp-block-heading\" id=\"2-charge-par-emission-de-champ-d-un-nanocristal-d-or-sur-sio2\"><strong>2. Charging of a SiO2 supported Au nanoparticle via field emission<sub>2<\/sub><\/strong><\/h5>\n\n\n<div class=\"wp-block-image\">\n<figure class=\"aligncenter size-large is-resized\"><img loading=\"lazy\" decoding=\"async\" width=\"1024\" height=\"784\" src=\"https:\/\/www.nanosciences-spm-uhv.com\/wp-content\/uploads\/2021\/06\/Axe4_AuonSiO2-1024x784.png\" alt=\"\" class=\"wp-image-378\" style=\"width:512px;height:392px\" srcset=\"https:\/\/www.nanosciences-spm-uhv.com\/wp-content\/uploads\/2021\/06\/Axe4_AuonSiO2-1024x784.png 1024w, https:\/\/www.nanosciences-spm-uhv.com\/wp-content\/uploads\/2021\/06\/Axe4_AuonSiO2-300x230.png 300w, https:\/\/www.nanosciences-spm-uhv.com\/wp-content\/uploads\/2021\/06\/Axe4_AuonSiO2-768x588.png 768w, https:\/\/www.nanosciences-spm-uhv.com\/wp-content\/uploads\/2021\/06\/Axe4_AuonSiO2-16x12.png 16w, https:\/\/www.nanosciences-spm-uhv.com\/wp-content\/uploads\/2021\/06\/Axe4_AuonSiO2.png 1174w\" sizes=\"auto, (max-width: 1024px) 100vw, 1024px\" \/><figcaption class=\"wp-element-caption\">CEMES\nB. Baris et al., Appl. Phys. Lett. 112 (2018) 113101<\/figcaption><\/figure>\n<\/div>\n\n\n<h5 class=\"wp-block-heading\" id=\"3-spectroscopie-de-charge-d-une-liaison-pendante-silicium\"><strong>3. Charge spectroscopy of a single silicon dangling bond<\/strong><\/h5>\n\n\n<div class=\"wp-block-image\">\n<figure class=\"aligncenter size-large is-resized\"><img loading=\"lazy\" decoding=\"async\" width=\"1024\" height=\"715\" src=\"https:\/\/www.nanosciences-spm-uhv.com\/wp-content\/uploads\/2021\/06\/Axe4_spectroSi-1024x715.png\" alt=\"\" class=\"wp-image-422\" style=\"width:512px;height:358px\"\/><figcaption class=\"wp-element-caption\">IEMN \nN. Turek et al. PRB 102 (2020) 235433<\/figcaption><\/figure>\n<\/div>","protected":false},"excerpt":{"rendered":"<p>Retour vers les th\u00e9matiques Axe 4 : Propri\u00e9t\u00e9s \u00e9lectroniques, \u00e9lectrostatique et transfert de charges Responsables :\u00a0Clemens BARTH\u00a0(CINAM, Marseille) et\u00a0Sylvie GODEY\u00a0(IEMN, Lille) Techniques exp\u00e9rimentales Laboratoires avec une activit\u00e9 forte sur cet axe Derni\u00e8res publications Exemples de travaux 1.&nbsp;Modification du travail de sortie de&nbsp;nanoparticules&nbsp;de Pd&nbsp;en&nbsp;pr\u00e9sence&nbsp;d\u2019oxyg\u00e8ne 2. Charge par \u00e9mission de champ d\u2019un nanocristal d\u2019or sur SiO2 3.<\/p><\/div>\n<div class=\"blog-btn\"><a href=\"https:\/\/www.nanosciences-spm-uhv.com\/en\/gdr\/thematiques\/axe4\/\" class=\"home-blog-btn\">Read More<\/a><\/p>","protected":false},"author":1,"featured_media":0,"parent":685,"menu_order":4,"comment_status":"closed","ping_status":"closed","template":"","meta":{"_crdt_document":"","_uag_custom_page_level_css":"","footnotes":""},"class_list":["post-1142","page","type-page","status-publish","hentry"],"uagb_featured_image_src":{"full":false,"thumbnail":false,"medium":false,"medium_large":false,"large":false,"1536x1536":false,"2048x2048":false,"trp-custom-language-flag":false,"sow-carousel-default":false},"uagb_author_info":{"display_name":false,"author_link":"https:\/\/www.nanosciences-spm-uhv.com\/en\/author\/zpqq18wlui98\/"},"uagb_comment_info":0,"uagb_excerpt":"Retour vers les th\u00e9matiques Axe 4 : Propri\u00e9t\u00e9s \u00e9lectroniques, \u00e9lectrostatique et transfert de charges Responsables :\u00a0Clemens BARTH\u00a0(CINAM, Marseille) et\u00a0Sylvie GODEY\u00a0(IEMN, Lille) Techniques exp\u00e9rimentales Laboratoires avec une activit\u00e9 forte sur cet axe Derni\u00e8res publications Exemples de travaux 1.&nbsp;Modification du travail de sortie de&nbsp;nanoparticules&nbsp;de Pd&nbsp;en&nbsp;pr\u00e9sence&nbsp;d\u2019oxyg\u00e8ne 2. Charge par \u00e9mission de champ d\u2019un nanocristal d\u2019or sur SiO2 3.Read&hellip;","_links":{"self":[{"href":"https:\/\/www.nanosciences-spm-uhv.com\/en\/wp-json\/wp\/v2\/pages\/1142","targetHints":{"allow":["GET"]}}],"collection":[{"href":"https:\/\/www.nanosciences-spm-uhv.com\/en\/wp-json\/wp\/v2\/pages"}],"about":[{"href":"https:\/\/www.nanosciences-spm-uhv.com\/en\/wp-json\/wp\/v2\/types\/page"}],"author":[{"embeddable":true,"href":"https:\/\/www.nanosciences-spm-uhv.com\/en\/wp-json\/wp\/v2\/users\/1"}],"replies":[{"embeddable":true,"href":"https:\/\/www.nanosciences-spm-uhv.com\/en\/wp-json\/wp\/v2\/comments?post=1142"}],"version-history":[{"count":6,"href":"https:\/\/www.nanosciences-spm-uhv.com\/en\/wp-json\/wp\/v2\/pages\/1142\/revisions"}],"predecessor-version":[{"id":2096,"href":"https:\/\/www.nanosciences-spm-uhv.com\/en\/wp-json\/wp\/v2\/pages\/1142\/revisions\/2096"}],"up":[{"embeddable":true,"href":"https:\/\/www.nanosciences-spm-uhv.com\/en\/wp-json\/wp\/v2\/pages\/685"}],"wp:attachment":[{"href":"https:\/\/www.nanosciences-spm-uhv.com\/en\/wp-json\/wp\/v2\/media?parent=1142"}],"curies":[{"name":"wp","href":"https:\/\/api.w.org\/{rel}","templated":true}]}}